{"id":3,"date":"2022-06-08T12:30:48","date_gmt":"2022-06-08T12:30:48","guid":{"rendered":"https:\/\/ry.com.tr\/?page_id=3"},"modified":"2022-06-09T06:35:59","modified_gmt":"2022-06-09T06:35:59","slug":"gizlilik-politikasi","status":"publish","type":"page","link":"https:\/\/ry.com.tr\/index.php\/gizlilik-politikasi\/","title":{"rendered":"Gizlilik Politikas\u0131"},"content":{"rendered":"\n<h2 class=\"wp-block-heading\">Biz Kimiz<\/h2>\n\n\n\n<p>\u00a0<strong>Web sitemizin adresi:<\/strong> https:\/\/ry.com.tr.<\/p>\n\n\n\n<h2 class=\"wp-block-heading\">Yorumlar<\/h2>\n\n\n\n<p>Ziyaret\u00e7iler sitede yorum b\u0131rakt\u0131\u011f\u0131nda, yorum formunda g\u00f6sterilen verileri ve ayr\u0131ca spam tespitine yard\u0131mc\u0131 olmak i\u00e7in ziyaret\u00e7inin IP adresi ve taray\u0131c\u0131 kullan\u0131c\u0131 arac\u0131s\u0131 dizesini topluyoruz.<\/p>\n\n\n\n<p>E-posta adresinizden olu\u015fturulan anonimle\u015ftirilmi\u015f bir dize (karma olarak da adland\u0131r\u0131l\u0131r), onu kullan\u0131p kullanmad\u0131\u011f\u0131n\u0131z\u0131 g\u00f6rmek i\u00e7in Gravatar hizmetine sa\u011flanabilir.\u00a0Gravatar hizmeti gizlilik politikas\u0131 burada mevcuttur: https:\/\/automattic.com\/privacy\/.\u00a0Yorumunuz onayland\u0131ktan sonra profil resminiz yorumunuz ba\u011flam\u0131nda herkese g\u00f6r\u00fcn\u00fcr hale gelir.<\/p>\n\n\n\n<h2 class=\"wp-block-heading\">\u00c7erezler<\/h2>\n\n\n\n<p>\u00a0Sitemize bir yorum b\u0131rak\u0131rsan\u0131z, ad\u0131n\u0131z\u0131, e-posta adresinizi ve web sitenizi \u00e7erezlere kaydetmeyi se\u00e7ebilirsiniz.\u00a0Bunlar size kolayl\u0131k sa\u011flamak i\u00e7indir, b\u00f6ylece ba\u015fka bir yorum b\u0131rakt\u0131\u011f\u0131n\u0131zda bilgilerinizi tekrar doldurmak zorunda kalmazs\u0131n\u0131z.\u00a0Bu \u00e7erezler bir y\u0131l boyunca ge\u00e7erli olacakt\u0131r.<\/p>\n\n\n\n<p>Giri\u015f sayfam\u0131z\u0131 ziyaret ederseniz, taray\u0131c\u0131n\u0131z\u0131n \u00e7erezleri kabul edip etmedi\u011fini belirlemek i\u00e7in ge\u00e7ici bir \u00e7erez ayarlayaca\u011f\u0131z.&nbsp;Bu \u00e7erez hi\u00e7bir ki\u015fisel veri i\u00e7ermez ve taray\u0131c\u0131n\u0131z\u0131 kapatt\u0131\u011f\u0131n\u0131zda at\u0131l\u0131r.<\/p>\n\n\n\n<p>Giri\u015f yapt\u0131\u011f\u0131n\u0131zda, giri\u015f bilgilerinizi ve ekran g\u00f6r\u00fcnt\u00fcleme se\u00e7imlerinizi kaydetmek i\u00e7in ayr\u0131ca birka\u00e7 \u00e7erez ayarlayaca\u011f\u0131z.&nbsp;Giri\u015f \u00e7erezleri iki g\u00fcn, ekran se\u00e7enekleri \u00e7erezleri ise bir y\u0131l s\u00fcrer.&nbsp;&#8220;Beni Hat\u0131rla&#8221;y\u0131 se\u00e7erseniz, giri\u015finiz iki hafta boyunca devam eder.&nbsp;Hesab\u0131n\u0131zdan \u00e7\u0131k\u0131\u015f yaparsan\u0131z, giri\u015f \u00e7erezleri kald\u0131r\u0131lacakt\u0131r.<\/p>\n\n\n\n<p>Bir makaleyi d\u00fczenler veya yay\u0131nlarsan\u0131z, taray\u0131c\u0131n\u0131za ek bir \u00e7erez kaydedilir.&nbsp;Bu \u00e7erez hi\u00e7bir ki\u015fisel veri i\u00e7ermez ve sadece az \u00f6nce d\u00fczenledi\u011finiz makalenin g\u00f6nderi kimli\u011fini g\u00f6sterir.&nbsp;1 g\u00fcn sonra bitiyor.<\/p>\n\n\n\n<h2 class=\"wp-block-heading\">Di\u011fer web sitelerinden g\u00f6m\u00fcl\u00fc i\u00e7erik<\/h2>\n\n\n\n<p>Bu sitedeki makaleler g\u00f6m\u00fcl\u00fc i\u00e7erik (\u00f6r. videolar, resimler, makaleler vb.) i\u00e7erebilir.\u00a0Di\u011fer web sitelerinden g\u00f6m\u00fcl\u00fc i\u00e7erik, ziyaret\u00e7inin di\u011fer web sitesini ziyaret etmi\u015f gibi davran\u0131r.<\/p>\n\n\n\n<p>Bu web siteleri sizin hakk\u0131n\u0131zda veri toplayabilir, \u00e7erez kullanabilir, \u00fc\u00e7\u00fcnc\u00fc taraf taraf\u0131ndan g\u00f6m\u00fclm\u00fc\u015f ek izleme yapabilir ve bir hesab\u0131n\u0131z varsa ve bu web sitesinde oturum a\u00e7t\u0131ysan\u0131z, g\u00f6m\u00fclen i\u00e7erikle etkile\u015fiminizi izlemek de dahil olmak \u00fczere, bu g\u00f6m\u00fclen i\u00e7erikle etkile\u015fiminizi izleyebilir.<\/p>\n\n\n\n<h2 class=\"wp-block-heading\">Verilerinizi kimlerle payla\u015f\u0131yoruz?<\/h2>\n\n\n\n<p>Parola s\u0131f\u0131rlama talebinde bulunursan\u0131z, s\u0131f\u0131rlama e-postas\u0131na IP adresiniz eklenir.<\/p>\n\n\n\n<h2 class=\"wp-block-heading\">Verilerinizi ne kadar s\u00fcreyle sakl\u0131yoruz?<\/h2>\n\n\n\n<p>Bir yorum b\u0131rak\u0131rsan\u0131z, yorum ve meta verileri s\u00fcresiz olarak saklan\u0131r.\u00a0Bu, takip eden yorumlar\u0131 bir denetleme kuyru\u011funda tutmak yerine otomatik olarak tan\u0131y\u0131p onaylayabilmemiz i\u00e7indir.<\/p>\n\n\n\n<p>Web sitemize kaydolan kullan\u0131c\u0131lar i\u00e7in (varsa), sa\u011flad\u0131klar\u0131 ki\u015fisel bilgileri de kullan\u0131c\u0131 profillerinde saklar\u0131z.&nbsp;T\u00fcm kullan\u0131c\u0131lar ki\u015fisel bilgilerini istedikleri zaman g\u00f6rebilir, d\u00fczenleyebilir veya silebilir (kullan\u0131c\u0131 adlar\u0131n\u0131 de\u011fi\u015ftirememeleri d\u0131\u015f\u0131nda).&nbsp;Web sitesi y\u00f6neticileri de bu bilgileri g\u00f6rebilir ve d\u00fczenleyebilir.<\/p>\n\n\n\n<h2 class=\"wp-block-heading\">Verileriniz \u00fczerinde hangi haklara sahipsiniz<\/h2>\n\n\n\n<p>Bu sitede bir hesab\u0131n\u0131z varsa veya yorum b\u0131rakt\u0131ysan\u0131z, bize sa\u011flad\u0131\u011f\u0131n\u0131z veriler de dahil olmak \u00fczere, hakk\u0131n\u0131zda tuttu\u011fumuz ki\u015fisel verilerin d\u0131\u015fa aktar\u0131lm\u0131\u015f bir dosyas\u0131n\u0131 almay\u0131 talep edebilirsiniz.\u00a0Ayr\u0131ca, hakk\u0131n\u0131zda tuttu\u011fumuz t\u00fcm ki\u015fisel verileri silmemizi de talep edebilirsiniz.\u00a0Bu, idari, yasal veya g\u00fcvenlik ama\u00e7lar\u0131yla saklamak zorunda oldu\u011fumuz hi\u00e7bir veriyi i\u00e7ermez.<\/p>\n\n\n\n<h2 class=\"wp-block-heading\">Verilerinizin g\u00f6nderildi\u011fi yer<\/h2>\n\n\n\n<p>Ziyaret\u00e7i yorumlar\u0131, otomatik bir spam alg\u0131lama hizmeti arac\u0131l\u0131\u011f\u0131yla kontrol edilebilir.<\/p>\n","protected":false},"excerpt":{"rendered":"<p>Biz Kimiz \u00a0Web sitemizin adresi: https:\/\/ry.com.tr. Yorumlar Ziyaret\u00e7iler sitede yorum b\u0131rakt\u0131\u011f\u0131nda, yorum formunda g\u00f6sterilen verileri ve ayr\u0131ca spam tespitine yard\u0131mc\u0131 olmak i\u00e7in ziyaret\u00e7inin IP adresi ve taray\u0131c\u0131 kullan\u0131c\u0131 arac\u0131s\u0131 dizesini topluyoruz. E-posta adresinizden olu\u015fturulan anonimle\u015ftirilmi\u015f bir dize (karma olarak da adland\u0131r\u0131l\u0131r), onu kullan\u0131p kullanmad\u0131\u011f\u0131n\u0131z\u0131 g\u00f6rmek i\u00e7in Gravatar hizmetine sa\u011flanabilir.\u00a0Gravatar hizmeti gizlilik politikas\u0131 burada mevcuttur: https:\/\/automattic.com\/privacy\/.\u00a0Yorumunuz &hellip; <\/p>\n","protected":false},"author":1,"featured_media":0,"parent":0,"menu_order":0,"comment_status":"closed","ping_status":"open","template":"","meta":{"footnotes":""},"class_list":["post-3","page","type-page","status-publish","hentry"],"yoast_head":"<!-- This site is optimized with the Yoast SEO plugin v19.0 - https:\/\/yoast.com\/wordpress\/plugins\/seo\/ -->\n<title>Gizlilik Politikas\u0131 - RY<\/title>\n<meta name=\"robots\" content=\"index, follow, max-snippet:-1, max-image-preview:large, max-video-preview:-1\" \/>\n<link rel=\"canonical\" href=\"https:\/\/ry.com.tr\/index.php\/gizlilik-politikasi\/\" \/>\n<meta property=\"og:locale\" content=\"tr_TR\" \/>\n<meta property=\"og:type\" content=\"article\" \/>\n<meta property=\"og:title\" content=\"Gizlilik Politikas\u0131 - RY\" \/>\n<meta property=\"og:description\" content=\"Biz Kimiz \u00a0Web sitemizin adresi: https:\/\/ry.com.tr. Yorumlar Ziyaret\u00e7iler sitede yorum b\u0131rakt\u0131\u011f\u0131nda, yorum formunda g\u00f6sterilen verileri ve ayr\u0131ca spam tespitine yard\u0131mc\u0131 olmak i\u00e7in ziyaret\u00e7inin IP adresi ve taray\u0131c\u0131 kullan\u0131c\u0131 arac\u0131s\u0131 dizesini topluyoruz. E-posta adresinizden olu\u015fturulan anonimle\u015ftirilmi\u015f bir dize (karma olarak da adland\u0131r\u0131l\u0131r), onu kullan\u0131p kullanmad\u0131\u011f\u0131n\u0131z\u0131 g\u00f6rmek i\u00e7in Gravatar hizmetine sa\u011flanabilir.\u00a0Gravatar hizmeti gizlilik politikas\u0131 burada mevcuttur: https:\/\/automattic.com\/privacy\/.\u00a0Yorumunuz &hellip;\" \/>\n<meta property=\"og:url\" content=\"https:\/\/ry.com.tr\/index.php\/gizlilik-politikasi\/\" \/>\n<meta property=\"og:site_name\" content=\"RY\" \/>\n<meta property=\"article:modified_time\" content=\"2022-06-09T06:35:59+00:00\" \/>\n<meta name=\"twitter:card\" content=\"summary_large_image\" \/>\n<meta name=\"twitter:label1\" content=\"Tahmini okuma s\u00fcresi\" \/>\n\t<meta name=\"twitter:data1\" content=\"3 dakika\" \/>\n<script type=\"application\/ld+json\" class=\"yoast-schema-graph\">{\"@context\":\"https:\/\/schema.org\",\"@graph\":[{\"@type\":\"WebSite\",\"@id\":\"https:\/\/ry.com.tr\/#website\",\"url\":\"https:\/\/ry.com.tr\/\",\"name\":\"RY\",\"description\":\"Uluslararas\u0131 Ta\u015f\u0131mac\u0131l\u0131k &amp; D\u0131\u015f Ticaret\",\"potentialAction\":[{\"@type\":\"SearchAction\",\"target\":{\"@type\":\"EntryPoint\",\"urlTemplate\":\"https:\/\/ry.com.tr\/?s={search_term_string}\"},\"query-input\":\"required name=search_term_string\"}],\"inLanguage\":\"tr\"},{\"@type\":\"WebPage\",\"@id\":\"https:\/\/ry.com.tr\/index.php\/gizlilik-politikasi\/#webpage\",\"url\":\"https:\/\/ry.com.tr\/index.php\/gizlilik-politikasi\/\",\"name\":\"Gizlilik Politikas\u0131 - RY\",\"isPartOf\":{\"@id\":\"https:\/\/ry.com.tr\/#website\"},\"datePublished\":\"2022-06-08T12:30:48+00:00\",\"dateModified\":\"2022-06-09T06:35:59+00:00\",\"breadcrumb\":{\"@id\":\"https:\/\/ry.com.tr\/index.php\/gizlilik-politikasi\/#breadcrumb\"},\"inLanguage\":\"tr\",\"potentialAction\":[{\"@type\":\"ReadAction\",\"target\":[\"https:\/\/ry.com.tr\/index.php\/gizlilik-politikasi\/\"]}]},{\"@type\":\"BreadcrumbList\",\"@id\":\"https:\/\/ry.com.tr\/index.php\/gizlilik-politikasi\/#breadcrumb\",\"itemListElement\":[{\"@type\":\"ListItem\",\"position\":1,\"name\":\"Anasayfa\",\"item\":\"https:\/\/ry.com.tr\/\"},{\"@type\":\"ListItem\",\"position\":2,\"name\":\"Gizlilik Politikas\u0131\"}]}]}<\/script>\n<!-- \/ Yoast SEO plugin. -->","yoast_head_json":{"title":"Gizlilik Politikas\u0131 - RY","robots":{"index":"index","follow":"follow","max-snippet":"max-snippet:-1","max-image-preview":"max-image-preview:large","max-video-preview":"max-video-preview:-1"},"canonical":"https:\/\/ry.com.tr\/index.php\/gizlilik-politikasi\/","og_locale":"tr_TR","og_type":"article","og_title":"Gizlilik Politikas\u0131 - RY","og_description":"Biz Kimiz \u00a0Web sitemizin adresi: https:\/\/ry.com.tr. Yorumlar Ziyaret\u00e7iler sitede yorum b\u0131rakt\u0131\u011f\u0131nda, yorum formunda g\u00f6sterilen verileri ve ayr\u0131ca spam tespitine yard\u0131mc\u0131 olmak i\u00e7in ziyaret\u00e7inin IP adresi ve taray\u0131c\u0131 kullan\u0131c\u0131 arac\u0131s\u0131 dizesini topluyoruz. E-posta adresinizden olu\u015fturulan anonimle\u015ftirilmi\u015f bir dize (karma olarak da adland\u0131r\u0131l\u0131r), onu kullan\u0131p kullanmad\u0131\u011f\u0131n\u0131z\u0131 g\u00f6rmek i\u00e7in Gravatar hizmetine sa\u011flanabilir.\u00a0Gravatar hizmeti gizlilik politikas\u0131 burada mevcuttur: https:\/\/automattic.com\/privacy\/.\u00a0Yorumunuz &hellip;","og_url":"https:\/\/ry.com.tr\/index.php\/gizlilik-politikasi\/","og_site_name":"RY","article_modified_time":"2022-06-09T06:35:59+00:00","twitter_card":"summary_large_image","twitter_misc":{"Tahmini okuma s\u00fcresi":"3 dakika"},"schema":{"@context":"https:\/\/schema.org","@graph":[{"@type":"WebSite","@id":"https:\/\/ry.com.tr\/#website","url":"https:\/\/ry.com.tr\/","name":"RY","description":"Uluslararas\u0131 Ta\u015f\u0131mac\u0131l\u0131k &amp; D\u0131\u015f Ticaret","potentialAction":[{"@type":"SearchAction","target":{"@type":"EntryPoint","urlTemplate":"https:\/\/ry.com.tr\/?s={search_term_string}"},"query-input":"required name=search_term_string"}],"inLanguage":"tr"},{"@type":"WebPage","@id":"https:\/\/ry.com.tr\/index.php\/gizlilik-politikasi\/#webpage","url":"https:\/\/ry.com.tr\/index.php\/gizlilik-politikasi\/","name":"Gizlilik Politikas\u0131 - RY","isPartOf":{"@id":"https:\/\/ry.com.tr\/#website"},"datePublished":"2022-06-08T12:30:48+00:00","dateModified":"2022-06-09T06:35:59+00:00","breadcrumb":{"@id":"https:\/\/ry.com.tr\/index.php\/gizlilik-politikasi\/#breadcrumb"},"inLanguage":"tr","potentialAction":[{"@type":"ReadAction","target":["https:\/\/ry.com.tr\/index.php\/gizlilik-politikasi\/"]}]},{"@type":"BreadcrumbList","@id":"https:\/\/ry.com.tr\/index.php\/gizlilik-politikasi\/#breadcrumb","itemListElement":[{"@type":"ListItem","position":1,"name":"Anasayfa","item":"https:\/\/ry.com.tr\/"},{"@type":"ListItem","position":2,"name":"Gizlilik Politikas\u0131"}]}]}},"_links":{"self":[{"href":"https:\/\/ry.com.tr\/index.php\/wp-json\/wp\/v2\/pages\/3","targetHints":{"allow":["GET"]}}],"collection":[{"href":"https:\/\/ry.com.tr\/index.php\/wp-json\/wp\/v2\/pages"}],"about":[{"href":"https:\/\/ry.com.tr\/index.php\/wp-json\/wp\/v2\/types\/page"}],"author":[{"embeddable":true,"href":"https:\/\/ry.com.tr\/index.php\/wp-json\/wp\/v2\/users\/1"}],"replies":[{"embeddable":true,"href":"https:\/\/ry.com.tr\/index.php\/wp-json\/wp\/v2\/comments?post=3"}],"version-history":[{"count":1,"href":"https:\/\/ry.com.tr\/index.php\/wp-json\/wp\/v2\/pages\/3\/revisions"}],"predecessor-version":[{"id":288,"href":"https:\/\/ry.com.tr\/index.php\/wp-json\/wp\/v2\/pages\/3\/revisions\/288"}],"wp:attachment":[{"href":"https:\/\/ry.com.tr\/index.php\/wp-json\/wp\/v2\/media?parent=3"}],"curies":[{"name":"wp","href":"https:\/\/api.w.org\/{rel}","templated":true}]}}