{"id":223,"date":"2018-05-01T10:04:26","date_gmt":"2018-05-01T10:04:26","guid":{"rendered":"http:\/\/rarathemesdemo.com\/rara-business\/?page_id=223"},"modified":"2022-06-09T06:38:36","modified_gmt":"2022-06-09T06:38:36","slug":"hizmetlerimiz","status":"publish","type":"page","link":"https:\/\/ry.com.tr\/index.php\/hizmetlerimiz\/","title":{"rendered":"Hizmetlerimiz"},"content":{"rendered":"","protected":false},"excerpt":{"rendered":"","protected":false},"author":1,"featured_media":0,"parent":0,"menu_order":0,"comment_status":"closed","ping_status":"closed","template":"templates\/portfolio.php","meta":{"footnotes":""},"class_list":["post-223","page","type-page","status-publish","hentry"],"yoast_head":"<!-- This site is optimized with the Yoast SEO plugin v19.0 - https:\/\/yoast.com\/wordpress\/plugins\/seo\/ -->\n<title>Hizmetlerimiz - RY<\/title>\n<meta name=\"robots\" content=\"index, follow, max-snippet:-1, max-image-preview:large, max-video-preview:-1\" \/>\n<link rel=\"canonical\" href=\"https:\/\/ry.com.tr\/index.php\/hizmetlerimiz\/\" \/>\n<meta property=\"og:locale\" content=\"tr_TR\" \/>\n<meta property=\"og:type\" content=\"article\" \/>\n<meta property=\"og:title\" content=\"Hizmetlerimiz - RY\" \/>\n<meta property=\"og:url\" content=\"https:\/\/ry.com.tr\/index.php\/hizmetlerimiz\/\" \/>\n<meta property=\"og:site_name\" content=\"RY\" \/>\n<meta property=\"article:modified_time\" content=\"2022-06-09T06:38:36+00:00\" \/>\n<meta name=\"twitter:card\" content=\"summary_large_image\" \/>\n<script type=\"application\/ld+json\" class=\"yoast-schema-graph\">{\"@context\":\"https:\/\/schema.org\",\"@graph\":[{\"@type\":\"WebSite\",\"@id\":\"https:\/\/ry.com.tr\/#website\",\"url\":\"https:\/\/ry.com.tr\/\",\"name\":\"RY\",\"description\":\"Uluslararas\u0131 Ta\u015f\u0131mac\u0131l\u0131k &amp; D\u0131\u015f Ticaret\",\"potentialAction\":[{\"@type\":\"SearchAction\",\"target\":{\"@type\":\"EntryPoint\",\"urlTemplate\":\"https:\/\/ry.com.tr\/?s={search_term_string}\"},\"query-input\":\"required name=search_term_string\"}],\"inLanguage\":\"tr\"},{\"@type\":\"WebPage\",\"@id\":\"https:\/\/ry.com.tr\/index.php\/hizmetlerimiz\/#webpage\",\"url\":\"https:\/\/ry.com.tr\/index.php\/hizmetlerimiz\/\",\"name\":\"Hizmetlerimiz - RY\",\"isPartOf\":{\"@id\":\"https:\/\/ry.com.tr\/#website\"},\"datePublished\":\"2018-05-01T10:04:26+00:00\",\"dateModified\":\"2022-06-09T06:38:36+00:00\",\"breadcrumb\":{\"@id\":\"https:\/\/ry.com.tr\/index.php\/hizmetlerimiz\/#breadcrumb\"},\"inLanguage\":\"tr\",\"potentialAction\":[{\"@type\":\"ReadAction\",\"target\":[\"https:\/\/ry.com.tr\/index.php\/hizmetlerimiz\/\"]}]},{\"@type\":\"BreadcrumbList\",\"@id\":\"https:\/\/ry.com.tr\/index.php\/hizmetlerimiz\/#breadcrumb\",\"itemListElement\":[{\"@type\":\"ListItem\",\"position\":1,\"name\":\"Anasayfa\",\"item\":\"https:\/\/ry.com.tr\/\"},{\"@type\":\"ListItem\",\"position\":2,\"name\":\"Hizmetlerimiz\"}]}]}<\/script>\n<!-- \/ Yoast SEO plugin. -->","yoast_head_json":{"title":"Hizmetlerimiz - RY","robots":{"index":"index","follow":"follow","max-snippet":"max-snippet:-1","max-image-preview":"max-image-preview:large","max-video-preview":"max-video-preview:-1"},"canonical":"https:\/\/ry.com.tr\/index.php\/hizmetlerimiz\/","og_locale":"tr_TR","og_type":"article","og_title":"Hizmetlerimiz - RY","og_url":"https:\/\/ry.com.tr\/index.php\/hizmetlerimiz\/","og_site_name":"RY","article_modified_time":"2022-06-09T06:38:36+00:00","twitter_card":"summary_large_image","schema":{"@context":"https:\/\/schema.org","@graph":[{"@type":"WebSite","@id":"https:\/\/ry.com.tr\/#website","url":"https:\/\/ry.com.tr\/","name":"RY","description":"Uluslararas\u0131 Ta\u015f\u0131mac\u0131l\u0131k &amp; D\u0131\u015f Ticaret","potentialAction":[{"@type":"SearchAction","target":{"@type":"EntryPoint","urlTemplate":"https:\/\/ry.com.tr\/?s={search_term_string}"},"query-input":"required name=search_term_string"}],"inLanguage":"tr"},{"@type":"WebPage","@id":"https:\/\/ry.com.tr\/index.php\/hizmetlerimiz\/#webpage","url":"https:\/\/ry.com.tr\/index.php\/hizmetlerimiz\/","name":"Hizmetlerimiz - RY","isPartOf":{"@id":"https:\/\/ry.com.tr\/#website"},"datePublished":"2018-05-01T10:04:26+00:00","dateModified":"2022-06-09T06:38:36+00:00","breadcrumb":{"@id":"https:\/\/ry.com.tr\/index.php\/hizmetlerimiz\/#breadcrumb"},"inLanguage":"tr","potentialAction":[{"@type":"ReadAction","target":["https:\/\/ry.com.tr\/index.php\/hizmetlerimiz\/"]}]},{"@type":"BreadcrumbList","@id":"https:\/\/ry.com.tr\/index.php\/hizmetlerimiz\/#breadcrumb","itemListElement":[{"@type":"ListItem","position":1,"name":"Anasayfa","item":"https:\/\/ry.com.tr\/"},{"@type":"ListItem","position":2,"name":"Hizmetlerimiz"}]}]}},"_links":{"self":[{"href":"https:\/\/ry.com.tr\/index.php\/wp-json\/wp\/v2\/pages\/223","targetHints":{"allow":["GET"]}}],"collection":[{"href":"https:\/\/ry.com.tr\/index.php\/wp-json\/wp\/v2\/pages"}],"about":[{"href":"https:\/\/ry.com.tr\/index.php\/wp-json\/wp\/v2\/types\/page"}],"author":[{"embeddable":true,"href":"https:\/\/ry.com.tr\/index.php\/wp-json\/wp\/v2\/users\/1"}],"replies":[{"embeddable":true,"href":"https:\/\/ry.com.tr\/index.php\/wp-json\/wp\/v2\/comments?post=223"}],"version-history":[{"count":1,"href":"https:\/\/ry.com.tr\/index.php\/wp-json\/wp\/v2\/pages\/223\/revisions"}],"predecessor-version":[{"id":291,"href":"https:\/\/ry.com.tr\/index.php\/wp-json\/wp\/v2\/pages\/223\/revisions\/291"}],"wp:attachment":[{"href":"https:\/\/ry.com.tr\/index.php\/wp-json\/wp\/v2\/media?parent=223"}],"curies":[{"name":"wp","href":"https:\/\/api.w.org\/{rel}","templated":true}]}}